{"id":30,"date":"2024-03-31T10:58:28","date_gmt":"2024-03-31T08:58:28","guid":{"rendered":"http:\/\/bgtime.sk\/?page_id=30"},"modified":"2026-03-12T21:20:53","modified_gmt":"2026-03-12T20:20:53","slug":"diskografia","status":"publish","type":"page","link":"http:\/\/bgtime.sk\/?page_id=30","title":{"rendered":"DISKOGRAFIA"},"content":{"rendered":"\n<p class=\"has-huge-font-size\"><strong>CD Kvapky rosy<\/strong><\/p>\n\n\n\n<p>Album <strong>Kvapky rosy<\/strong> <strong>(2006)<\/strong> obsahuje 12 skladieb, v\u00e4\u010d\u0161inou od Tom\u00e1\u0161a Pe\u0161ka, pri\u010dom autorsky sa podie\u013eali aj spev\u00e1k a gitarista Pavol \u0160tefek a Branislav Martinka. Jedn\u00fdm textom a s\u00f3lov\u00fdm spevom prispel Viktor P\u016f\u010dek (Nov\u00fd Rown\u00e1k).<\/p>\n\n\n\n<p>Zostavu BG Time na tomto CD dop\u013a\u0148aj\u00fa: Roman \u201eRamon\u201c Zia\u0165ko na dobro a Ernest Krammer na mandol\u00ednu. Ako hostia sa na albume predstavili Peter Szabados, Du\u0161an \u201eTiti\u201c Bachrat\u00fd, Lucia Grossov\u00e1 a Peter \u010ceretka.<\/p>\n\n\n\n<p>CD vzniklo za v\u00fdraznej podpory Kamily Sla\u0161\u0165anovej Tr\u00e1vni\u010dkovej a jej agent\u00fary CAMILLE.<\/p>\n\n\n\n<figure class=\"is-layout-flex wp-block-gallery-1 wp-block-gallery has-nested-images columns-default is-cropped\">\n<figure class=\"wp-block-image size-large\"><a href=\"http:\/\/bgtime.sk\/wp-content\/uploads\/2024\/03\/1-8-scaled.jpg\"><img decoding=\"async\" loading=\"lazy\" width=\"1024\" height=\"512\" data-id=\"91\"  src=\"http:\/\/bgtime.sk\/wp-content\/uploads\/2024\/03\/1-8-1024x512.jpg\" alt=\"\" class=\"wp-image-91\" srcset=\"http:\/\/bgtime.sk\/wp-content\/uploads\/2024\/03\/1-8-1024x512.jpg 1024w, http:\/\/bgtime.sk\/wp-content\/uploads\/2024\/03\/1-8-300x150.jpg 300w, http:\/\/bgtime.sk\/wp-content\/uploads\/2024\/03\/1-8-768x384.jpg 768w, http:\/\/bgtime.sk\/wp-content\/uploads\/2024\/03\/1-8-1536x767.jpg 1536w, http:\/\/bgtime.sk\/wp-content\/uploads\/2024\/03\/1-8-2048x1023.jpg 2048w\" sizes=\"(max-width: 1024px) 100vw, 1024px\" \/><\/a><\/figure>\n<\/figure>\n\n\n\n<div class=\"is-content-justification-center is-layout-flex wp-container-3 wp-block-buttons\"><\/div>\n\n\n\n<p class=\"has-huge-font-size\"><strong>CD Hviezdy tejto noci<\/strong><\/p>\n\n\n\n<p>Album <strong>Hviezdy tejto noci<\/strong> <strong>(2009) <\/strong>obsahuje 12 skladieb, v\u00e4\u010d\u0161inou od Tom\u00e1\u0161a Pe\u0161ka, pri\u010dom jednou skladbou autorsky prispel aj Pavol \u0160tefek.<\/p>\n\n\n\n<p>Dobro na CD nahral st\u00e1ly \u010dlen kapely Peter Szabados. Ako hostia sa predstavili Michal Kov\u00e1\u010d na husle a Veronika Vit\u00e1zkov\u00e1 na irish tin whistle.<br>CD Hviezdy tejto noci je k dispoz\u00edcii v reed\u00edcii a je mo\u017en\u00e9 ho objedna\u0165 priamo od kapely.<\/p>\n\n\n\n<figure class=\"is-layout-flex wp-block-gallery-4 wp-block-gallery has-nested-images columns-default is-cropped\">\n<figure class=\"wp-block-image size-large\"><img decoding=\"async\" src=\"http:\/\/bgtime.sk\/wp-content\/uploads\/2024\/03\/1-8-1-scaled-e1773267504268.jpg\" alt=\"\"\/><\/figure>\n<\/figure>\n\n\n\n<p><\/p>\n\n\n\n<p><\/p>\n\n\n\n<p>Okrem autorsk\u00fdch skladieb kapely s\u00fa s\u00fa\u010das\u0165ou reperto\u00e1ru aj skladby p\u00f4vodnej bluegrassovej kapely Grasshoppers a vybran\u00e9 skladby z CD Petra Szabadosa <strong>\u201eStroj \u010dasu\u201c<\/strong>.<\/p>\n\n\n\n<figure class=\"is-layout-flex wp-block-gallery-6 wp-block-gallery has-nested-images columns-default is-cropped\">\n<figure class=\"wp-block-image size-large\"><img decoding=\"async\" loading=\"lazy\" width=\"550\" height=\"367\" data-id=\"422\"  src=\"https:\/\/bgtime.sk\/wp-content\/uploads\/2026\/03\/10.jpeg\" alt=\"\" class=\"wp-image-422\" srcset=\"http:\/\/bgtime.sk\/wp-content\/uploads\/2026\/03\/10.jpeg 550w, http:\/\/bgtime.sk\/wp-content\/uploads\/2026\/03\/10-300x200.jpeg 300w\" sizes=\"(max-width: 550px) 100vw, 550px\" \/><\/figure>\n<\/figure>\n\n\n\n<p> <\/p>\n\n\n\n<div class=\"is-layout-constrained wp-block-group\"><div class=\"wp-block-group__inner-container\">\n<figure class=\"wp-block-image size-full\"><img decoding=\"async\" loading=\"lazy\" width=\"936\" height=\"924\" src=\"http:\/\/bgtime.sk\/wp-content\/uploads\/2026\/03\/obal.jpg\" alt=\"\" class=\"wp-image-421\" srcset=\"http:\/\/bgtime.sk\/wp-content\/uploads\/2026\/03\/obal.jpg 936w, http:\/\/bgtime.sk\/wp-content\/uploads\/2026\/03\/obal-300x296.jpg 300w, http:\/\/bgtime.sk\/wp-content\/uploads\/2026\/03\/obal-768x758.jpg 768w\" sizes=\"(max-width: 936px) 100vw, 936px\" \/><\/figure>\n<\/div><\/div>\n\n\n\n<p><\/p>\n\n\n\n<p><\/p>\n\n\n\n<p><\/p>\n","protected":false},"excerpt":{"rendered":"<p>CD Kvapky rosy Album Kvapky rosy (2006) obsahuje 12 skladieb, v\u00e4\u010d\u0161inou od Tom\u00e1\u0161a Pe\u0161ka, pri\u010dom autorsky sa podie\u013eali aj spev\u00e1k a gitarista Pavol \u0160tefek a&hellip;<\/p>\n","protected":false},"author":1,"featured_media":0,"parent":0,"menu_order":0,"comment_status":"closed","ping_status":"closed","template":"","meta":{"_monsterinsights_skip_tracking":false,"_monsterinsights_sitenote_active":false,"_monsterinsights_sitenote_note":"","_monsterinsights_sitenote_category":0},"_links":{"self":[{"href":"http:\/\/bgtime.sk\/index.php?rest_route=\/wp\/v2\/pages\/30"}],"collection":[{"href":"http:\/\/bgtime.sk\/index.php?rest_route=\/wp\/v2\/pages"}],"about":[{"href":"http:\/\/bgtime.sk\/index.php?rest_route=\/wp\/v2\/types\/page"}],"author":[{"embeddable":true,"href":"http:\/\/bgtime.sk\/index.php?rest_route=\/wp\/v2\/users\/1"}],"replies":[{"embeddable":true,"href":"http:\/\/bgtime.sk\/index.php?rest_route=%2Fwp%2Fv2%2Fcomments&post=30"}],"version-history":[{"count":5,"href":"http:\/\/bgtime.sk\/index.php?rest_route=\/wp\/v2\/pages\/30\/revisions"}],"predecessor-version":[{"id":467,"href":"http:\/\/bgtime.sk\/index.php?rest_route=\/wp\/v2\/pages\/30\/revisions\/467"}],"wp:attachment":[{"href":"http:\/\/bgtime.sk\/index.php?rest_route=%2Fwp%2Fv2%2Fmedia&parent=30"}],"curies":[{"name":"wp","href":"https:\/\/api.w.org\/{rel}","templated":true}]}}