{"id":104,"date":"2024-03-31T21:13:25","date_gmt":"2024-03-31T19:13:25","guid":{"rendered":"http:\/\/bgtime.sk\/?page_id=104"},"modified":"2026-03-19T10:15:13","modified_gmt":"2026-03-19T09:15:13","slug":"koncerty-2024","status":"publish","type":"page","link":"https:\/\/bgtime.sk\/?page_id=104","title":{"rendered":"KONCERTY 2026"},"content":{"rendered":"\n<p><\/p>\n\n\n\n<p>Priatelia,<\/p>\n\n\n\n<p>BG Time pokra\u010duje \u010falej.<\/p>\n\n\n\n<p>Po rokoch spolo\u010dn\u00e9ho hrania vstupujeme do \u010fal\u0161ej etapy kapely s re\u0161pektom k na\u0161ej hist\u00f3rii, pies\u0148am aj v\u0161etk\u00fdm, ktor\u00ed boli jej s\u00fa\u010das\u0165ou.<\/p>\n\n\n\n<p>Zost\u00e1vame vern\u00ed zvuku a energii, ktor\u00e9 ste s nami za\u017eili na koncertoch aj na nahr\u00e1vkach.<br>Te\u0161\u00edme sa na nov\u00e9 stretnutia, nov\u00e9 p\u00f3di\u00e1 a \u010fal\u0161ie spolo\u010dn\u00e9 momenty.<\/p>\n\n\n\n<p>\u010eakujeme za podporu.<br>Vid\u00edme sa \u010doskoro.<\/p>\n\n\n\n<p>BG Time<\/p>\n\n\n\n<p><\/p>\n\n\n\n<p>Najbli\u017e\u0161ie sa vid\u00edme v Nitre:<\/p>\n\n\n\n<figure class=\"wp-block-image size-large is-resized\"><a href=\"https:\/\/www.facebook.com\/photo\/?fbid=914376041337163&amp;set=a.133599996081442\"><img decoding=\"async\" loading=\"lazy\" src=\"https:\/\/bgtime.sk\/wp-content\/uploads\/2026\/03\/Cawca_plagat-724x1024.jpg\" alt=\"\" class=\"wp-image-392\" width=\"543\" height=\"768\" srcset=\"https:\/\/bgtime.sk\/wp-content\/uploads\/2026\/03\/Cawca_plagat-724x1024.jpg 724w, https:\/\/bgtime.sk\/wp-content\/uploads\/2026\/03\/Cawca_plagat-212x300.jpg 212w, https:\/\/bgtime.sk\/wp-content\/uploads\/2026\/03\/Cawca_plagat-768x1086.jpg 768w, https:\/\/bgtime.sk\/wp-content\/uploads\/2026\/03\/Cawca_plagat-1086x1536.jpg 1086w, https:\/\/bgtime.sk\/wp-content\/uploads\/2026\/03\/Cawca_plagat.jpg 1448w\" sizes=\"(max-width: 543px) 100vw, 543px\" \/><\/a><\/figure>\n\n\n\n<div class=\"is-layout-flex wp-block-buttons\"><\/div>\n\n\n\n<div class=\"is-layout-flex wp-block-buttons\">\n<div class=\"wp-block-button\"><a class=\"wp-block-button__link wp-element-button\">Zoznam koncertn\u00fdch vyst\u00fapen\u00ed pripravujeme&#8230;<\/a><\/div>\n<\/div>\n\n\n\n<div class=\"is-layout-flex wp-block-buttons\"><\/div>\n\n\n\n<div class=\"is-layout-flex wp-block-buttons\"><\/div>\n\n\n\n<p class=\"has-larger-font-size\"><strong>TE\u0160\u00cdME SA NA V\u00c1S!<\/strong><\/p>\n\n\n\n<figure class=\"is-layout-flex wp-block-gallery-5 wp-block-gallery has-nested-images columns-default is-cropped\">\n<figure class=\"wp-block-image size-large\"><img decoding=\"async\" loading=\"lazy\" width=\"2560\" height=\"1920\" data-id=\"391\"  src=\"https:\/\/bgtime.sk\/wp-content\/uploads\/2026\/03\/DJI_20260310180519_0006_D-1-edited-scaled.jpg\" alt=\"\" class=\"wp-image-391\" srcset=\"https:\/\/bgtime.sk\/wp-content\/uploads\/2026\/03\/DJI_20260310180519_0006_D-1-edited-scaled.jpg 2560w, https:\/\/bgtime.sk\/wp-content\/uploads\/2026\/03\/DJI_20260310180519_0006_D-1-edited-300x225.jpg 300w, https:\/\/bgtime.sk\/wp-content\/uploads\/2026\/03\/DJI_20260310180519_0006_D-1-edited-1024x768.jpg 1024w, https:\/\/bgtime.sk\/wp-content\/uploads\/2026\/03\/DJI_20260310180519_0006_D-1-edited-768x576.jpg 768w, https:\/\/bgtime.sk\/wp-content\/uploads\/2026\/03\/DJI_20260310180519_0006_D-1-edited-1536x1152.jpg 1536w, https:\/\/bgtime.sk\/wp-content\/uploads\/2026\/03\/DJI_20260310180519_0006_D-1-edited-2048x1536.jpg 2048w\" sizes=\"(max-width: 2560px) 100vw, 2560px\" \/><figcaption class=\"wp-element-caption\">default<\/figcaption><\/figure>\n<\/figure>\n","protected":false},"excerpt":{"rendered":"<p>Priatelia, BG Time pokra\u010duje \u010falej. Po rokoch spolo\u010dn\u00e9ho hrania vstupujeme do \u010fal\u0161ej etapy kapely s re\u0161pektom k na\u0161ej hist\u00f3rii, pies\u0148am aj v\u0161etk\u00fdm, ktor\u00ed boli jej&hellip;<\/p>\n","protected":false},"author":1,"featured_media":0,"parent":0,"menu_order":0,"comment_status":"closed","ping_status":"closed","template":"","meta":{"_monsterinsights_skip_tracking":false,"_monsterinsights_sitenote_active":false,"_monsterinsights_sitenote_note":"","_monsterinsights_sitenote_category":0},"_links":{"self":[{"href":"https:\/\/bgtime.sk\/index.php?rest_route=\/wp\/v2\/pages\/104"}],"collection":[{"href":"https:\/\/bgtime.sk\/index.php?rest_route=\/wp\/v2\/pages"}],"about":[{"href":"https:\/\/bgtime.sk\/index.php?rest_route=\/wp\/v2\/types\/page"}],"author":[{"embeddable":true,"href":"https:\/\/bgtime.sk\/index.php?rest_route=\/wp\/v2\/users\/1"}],"replies":[{"embeddable":true,"href":"https:\/\/bgtime.sk\/index.php?rest_route=%2Fwp%2Fv2%2Fcomments&post=104"}],"version-history":[{"count":6,"href":"https:\/\/bgtime.sk\/index.php?rest_route=\/wp\/v2\/pages\/104\/revisions"}],"predecessor-version":[{"id":476,"href":"https:\/\/bgtime.sk\/index.php?rest_route=\/wp\/v2\/pages\/104\/revisions\/476"}],"wp:attachment":[{"href":"https:\/\/bgtime.sk\/index.php?rest_route=%2Fwp%2Fv2%2Fmedia&parent=104"}],"curies":[{"name":"wp","href":"https:\/\/api.w.org\/{rel}","templated":true}]}}