{"id":124,"date":"2024-03-31T21:11:45","date_gmt":"2024-03-31T19:11:45","guid":{"rendered":"http:\/\/bgtime.sk\/?page_id=124"},"modified":"2026-03-12T21:11:56","modified_gmt":"2026-03-12T20:11:56","slug":"koncertino","status":"publish","type":"page","link":"https:\/\/bgtime.sk\/?page_id=124","title":{"rendered":"AKTU\u00c1LNA ZOSTAVA"},"content":{"rendered":"\n<p><\/p>\n\n\n\n<p style=\"font-size:25px\"><strong>PAVOL \u0160TEFEK \/ gitara a s\u00f3lov\u00fd spev<\/strong><\/p>\n\n\n\n<figure class=\"wp-block-image size-large is-resized is-style-default\"><img decoding=\"async\" loading=\"lazy\" src=\"http:\/\/bgtime.sk\/wp-content\/uploads\/2024\/03\/NIKON-CORPORATION-NIKON-Z-6-6064x4040_001268-1-681x1024.jpg\" alt=\"\" class=\"wp-image-136\" width=\"341\" height=\"512\" srcset=\"https:\/\/bgtime.sk\/wp-content\/uploads\/2024\/03\/NIKON-CORPORATION-NIKON-Z-6-6064x4040_001268-1-681x1024.jpg 681w, https:\/\/bgtime.sk\/wp-content\/uploads\/2024\/03\/NIKON-CORPORATION-NIKON-Z-6-6064x4040_001268-1-200x300.jpg 200w, https:\/\/bgtime.sk\/wp-content\/uploads\/2024\/03\/NIKON-CORPORATION-NIKON-Z-6-6064x4040_001268-1-768x1154.jpg 768w, https:\/\/bgtime.sk\/wp-content\/uploads\/2024\/03\/NIKON-CORPORATION-NIKON-Z-6-6064x4040_001268-1-1022x1536.jpg 1022w, https:\/\/bgtime.sk\/wp-content\/uploads\/2024\/03\/NIKON-CORPORATION-NIKON-Z-6-6064x4040_001268-1-1363x2048.jpg 1363w, https:\/\/bgtime.sk\/wp-content\/uploads\/2024\/03\/NIKON-CORPORATION-NIKON-Z-6-6064x4040_001268-1-scaled.jpg 1703w\" sizes=\"(max-width: 341px) 100vw, 341px\" \/><\/figure>\n\n\n\n<p>Interpret a spoluautor niektor\u00fdch textov a piesn\u00ed na oboch vydan\u00fdch albumoch. Svoj\u00edm nezamenite\u013en\u00fdm hlasom sprev\u00e1dza kapelu BG Time u\u017e dlh\u00e9 roky.<\/p>\n\n\n\n<div style=\"height:100px\" aria-hidden=\"true\" class=\"wp-block-spacer\"><\/div>\n\n\n\n<p><\/p>\n\n\n\n<p><\/p>\n\n\n\n<p><\/p>\n\n\n\n<p><\/p>\n\n\n\n<p><\/p>\n\n\n\n<p><\/p>\n\n\n\n<p style=\"font-size:25px\"><strong>PETER SZABADOS \/ dobro, spev, zvuk<\/strong><\/p>\n\n\n\n<figure class=\"wp-block-image size-large is-resized\"><img decoding=\"async\" loading=\"lazy\" src=\"http:\/\/bgtime.sk\/wp-content\/uploads\/2024\/03\/NIKON-CORPORATION-NIKON-Z-6-6064x4040_001250-1-681x1024.jpg\" alt=\"\" class=\"wp-image-143\" width=\"341\" height=\"512\" srcset=\"https:\/\/bgtime.sk\/wp-content\/uploads\/2024\/03\/NIKON-CORPORATION-NIKON-Z-6-6064x4040_001250-1-681x1024.jpg 681w, https:\/\/bgtime.sk\/wp-content\/uploads\/2024\/03\/NIKON-CORPORATION-NIKON-Z-6-6064x4040_001250-1-200x300.jpg 200w, https:\/\/bgtime.sk\/wp-content\/uploads\/2024\/03\/NIKON-CORPORATION-NIKON-Z-6-6064x4040_001250-1-768x1154.jpg 768w, https:\/\/bgtime.sk\/wp-content\/uploads\/2024\/03\/NIKON-CORPORATION-NIKON-Z-6-6064x4040_001250-1-1022x1536.jpg 1022w, https:\/\/bgtime.sk\/wp-content\/uploads\/2024\/03\/NIKON-CORPORATION-NIKON-Z-6-6064x4040_001250-1-1363x2048.jpg 1363w, https:\/\/bgtime.sk\/wp-content\/uploads\/2024\/03\/NIKON-CORPORATION-NIKON-Z-6-6064x4040_001250-1-scaled.jpg 1703w\" sizes=\"(max-width: 341px) 100vw, 341px\" \/><\/figure>\n\n\n\n<p>V\u00fdnimo\u010dn\u00fd hr\u00e1\u010d na dobro a zvukov\u00fd majster. Podie\u013eal sa na v\u00fdrobe oboch albumov Kvapky rosy a Hviezdy tejto noci. Okrem mno\u017estva in\u00fdch hudobn\u00fdch projektov pomohol spropagova\u0165 hudobn\u00fd n\u00e1stroj dobro na Slovensku a vydal unik\u00e1tne CD Stroj \u010dasu.<\/p>\n\n\n\n<p><\/p>\n\n\n\n<div style=\"height:100px\" aria-hidden=\"true\" class=\"wp-block-spacer\"><\/div>\n\n\n\n<p><\/p>\n\n\n\n<p><\/p>\n\n\n\n<p><\/p>\n\n\n\n<p style=\"font-size:25px\"><strong>Zuzana Tan\u010dibokov\u00e1<\/strong> \/ <strong>el. basgitara, vok\u00e1ly, spev<\/strong> <\/p>\n\n\n\n<figure class=\"wp-block-image size-large is-resized\"><img decoding=\"async\" loading=\"lazy\" src=\"http:\/\/bgtime.sk\/wp-content\/uploads\/2024\/03\/NIKON-CORPORATION-NIKON-Z-6-6064x4040_001310-1-681x1024.jpg\" alt=\"\" class=\"wp-image-146\" width=\"341\" height=\"512\" srcset=\"https:\/\/bgtime.sk\/wp-content\/uploads\/2024\/03\/NIKON-CORPORATION-NIKON-Z-6-6064x4040_001310-1-681x1024.jpg 681w, https:\/\/bgtime.sk\/wp-content\/uploads\/2024\/03\/NIKON-CORPORATION-NIKON-Z-6-6064x4040_001310-1-200x300.jpg 200w, https:\/\/bgtime.sk\/wp-content\/uploads\/2024\/03\/NIKON-CORPORATION-NIKON-Z-6-6064x4040_001310-1-768x1154.jpg 768w, https:\/\/bgtime.sk\/wp-content\/uploads\/2024\/03\/NIKON-CORPORATION-NIKON-Z-6-6064x4040_001310-1-1022x1536.jpg 1022w, https:\/\/bgtime.sk\/wp-content\/uploads\/2024\/03\/NIKON-CORPORATION-NIKON-Z-6-6064x4040_001310-1-1363x2048.jpg 1363w, https:\/\/bgtime.sk\/wp-content\/uploads\/2024\/03\/NIKON-CORPORATION-NIKON-Z-6-6064x4040_001310-1-scaled.jpg 1703w\" sizes=\"(max-width: 341px) 100vw, 341px\" \/><\/figure>\n\n\n\n<p>Od jesene 2022 nahradila p\u00f4vodn\u00e9ho kontrabasistu Jozefa \u201eDoda\u201c J\u00e1gersk\u00e9ho, ktor\u00fd sa podie\u013eal na oboch albumoch. Zuzka sa postupne stala stabilnou \u010dlenkou kapely, pri\u010dom Dodo zost\u00e1va pevnou s\u00fa\u010das\u0165ou a pod\u013ea potreby kapele vypom\u00e1ha na koncertoch.<\/p>\n\n\n\n<p><strong> <\/strong><\/p>\n\n\n\n<div style=\"height:100px\" aria-hidden=\"true\" class=\"wp-block-spacer\"><\/div>\n\n\n\n<p><\/p>\n\n\n\n<p><\/p>\n\n\n\n<p class=\"has-text-align-left\" style=\"font-size:25px\"><strong>Michal &#8222;Bajo&#8220; Barok \/ mandol\u00edna, vok\u00e1ly<\/strong><\/p>\n\n\n\n<figure class=\"wp-block-image size-large is-resized\"><img decoding=\"async\" loading=\"lazy\" src=\"http:\/\/bgtime.sk\/wp-content\/uploads\/2026\/03\/Web_Bajo_profil_02-682x1024.jpg\" alt=\"\" class=\"wp-image-397\" width=\"348\" height=\"522\" srcset=\"https:\/\/bgtime.sk\/wp-content\/uploads\/2026\/03\/Web_Bajo_profil_02-682x1024.jpg 682w, https:\/\/bgtime.sk\/wp-content\/uploads\/2026\/03\/Web_Bajo_profil_02-200x300.jpg 200w, https:\/\/bgtime.sk\/wp-content\/uploads\/2026\/03\/Web_Bajo_profil_02-768x1152.jpg 768w, https:\/\/bgtime.sk\/wp-content\/uploads\/2026\/03\/Web_Bajo_profil_02.jpg 967w\" sizes=\"(max-width: 348px) 100vw, 348px\" \/><\/figure>\n\n\n\n<p>V\u00fdnimo\u010dn\u00fd hr\u00e1\u010d na mandol\u00ednu, skladate\u013e a text\u00e1r, ktor\u00fd aktu\u00e1lne vypom\u00e1ha suplova\u0165  Vladislava \u201eGa\u0161para\u201c \u0160mihulu, za \u010do sme ve\u013emi radi. Bajo p\u00f4sob\u00ed aj v zoskupen\u00ed  <a rel=\"noreferrer noopener\" href=\"http:\/\/www.grassdevice.com\" target=\"_blank\">GRASS DEVICE<\/a>. <\/p>\n\n\n\n<p><\/p>\n\n\n\n<div style=\"height:100px\" aria-hidden=\"true\" class=\"wp-block-spacer\"><\/div>\n\n\n\n<p><\/p>\n\n\n\n<p><\/p>\n\n\n\n<p style=\"font-size:25px\"><strong>Vladislav &#8222;Ga\u0161par&#8220; \u0160mihula<\/strong> \/ <strong>mandol\u00edna<\/strong><\/p>\n\n\n\n<figure class=\"wp-block-image size-large is-resized\"><img decoding=\"async\" loading=\"lazy\" src=\"http:\/\/bgtime.sk\/wp-content\/uploads\/2024\/03\/NIKON-CORPORATION-NIKON-Z-6-6064x4040_001271-1-681x1024.jpg\" alt=\"\" class=\"wp-image-141\" width=\"341\" height=\"512\" srcset=\"https:\/\/bgtime.sk\/wp-content\/uploads\/2024\/03\/NIKON-CORPORATION-NIKON-Z-6-6064x4040_001271-1-681x1024.jpg 681w, https:\/\/bgtime.sk\/wp-content\/uploads\/2024\/03\/NIKON-CORPORATION-NIKON-Z-6-6064x4040_001271-1-200x300.jpg 200w, https:\/\/bgtime.sk\/wp-content\/uploads\/2024\/03\/NIKON-CORPORATION-NIKON-Z-6-6064x4040_001271-1-768x1154.jpg 768w, https:\/\/bgtime.sk\/wp-content\/uploads\/2024\/03\/NIKON-CORPORATION-NIKON-Z-6-6064x4040_001271-1-1022x1536.jpg 1022w, https:\/\/bgtime.sk\/wp-content\/uploads\/2024\/03\/NIKON-CORPORATION-NIKON-Z-6-6064x4040_001271-1-1363x2048.jpg 1363w, https:\/\/bgtime.sk\/wp-content\/uploads\/2024\/03\/NIKON-CORPORATION-NIKON-Z-6-6064x4040_001271-1-scaled.jpg 1703w\" sizes=\"(max-width: 341px) 100vw, 341px\" \/><\/figure>\n\n\n\n<p>Ga\u0161pi aktu\u00e1lne \u010derp\u00e1 kapeln\u00fa dovolenku a st\u00e1le je riadnym \u010dlenom zoskupenia BG Time. P\u00f4sob\u00ed aj vo folkovej form\u00e1cii Cafe Edit.<\/p>\n\n\n\n<p><\/p>\n\n\n\n<p><\/p>\n\n\n\n<p><\/p>\n","protected":false},"excerpt":{"rendered":"<p>PAVOL \u0160TEFEK \/ gitara a s\u00f3lov\u00fd spev Interpret a spoluautor niektor\u00fdch textov a piesn\u00ed na oboch vydan\u00fdch albumoch. Svoj\u00edm nezamenite\u013en\u00fdm hlasom sprev\u00e1dza kapelu BG Time&hellip;<\/p>\n","protected":false},"author":1,"featured_media":0,"parent":0,"menu_order":0,"comment_status":"closed","ping_status":"closed","template":"","meta":{"_monsterinsights_skip_tracking":false,"_monsterinsights_sitenote_active":false,"_monsterinsights_sitenote_note":"","_monsterinsights_sitenote_category":0},"_links":{"self":[{"href":"https:\/\/bgtime.sk\/index.php?rest_route=\/wp\/v2\/pages\/124"}],"collection":[{"href":"https:\/\/bgtime.sk\/index.php?rest_route=\/wp\/v2\/pages"}],"about":[{"href":"https:\/\/bgtime.sk\/index.php?rest_route=\/wp\/v2\/types\/page"}],"author":[{"embeddable":true,"href":"https:\/\/bgtime.sk\/index.php?rest_route=\/wp\/v2\/users\/1"}],"replies":[{"embeddable":true,"href":"https:\/\/bgtime.sk\/index.php?rest_route=%2Fwp%2Fv2%2Fcomments&post=124"}],"version-history":[{"count":6,"href":"https:\/\/bgtime.sk\/index.php?rest_route=\/wp\/v2\/pages\/124\/revisions"}],"predecessor-version":[{"id":462,"href":"https:\/\/bgtime.sk\/index.php?rest_route=\/wp\/v2\/pages\/124\/revisions\/462"}],"wp:attachment":[{"href":"https:\/\/bgtime.sk\/index.php?rest_route=%2Fwp%2Fv2%2Fmedia&parent=124"}],"curies":[{"name":"wp","href":"https:\/\/api.w.org\/{rel}","templated":true}]}}